{"id":526303,"date":"2025-11-13T17:16:24","date_gmt":"2025-11-13T16:16:24","guid":{"rendered":"https:\/\/test.ad-wiser.ch\/produkt\/erwin-sattler-seilzug-regulatoren-classica-ks100\/"},"modified":"2025-11-13T17:16:33","modified_gmt":"2025-11-13T16:16:33","slug":"erwin-sattler-seilzug-regulatoren-classica-ks100","status":"publish","type":"product","link":"https:\/\/test.ad-wiser.ch\/zh-hans\/produkt\/erwin-sattler-seilzug-regulatoren-classica-ks100\/","title":{"rendered":"Classica KS100"},"content":{"rendered":"<p>Erh\u00e4ltlich bei JUWELIER BL\u00c4UER<\/p>\n<p>&nbsp;<\/p>\n<p>&nbsp;<\/p>\n","protected":false},"excerpt":{"rendered":"<p>Erh\u00e4ltlich bei JUWELIER BL\u00c4UER &nbsp; &nbsp;<\/p>\n","protected":false},"featured_media":651121,"comment_status":"closed","ping_status":"open","template":"","meta":[],"product_brand":[],"product_cat":[3422,37,17],"product_tag":[],"class_list":{"0":"post-526303","1":"product","2":"type-product","3":"status-publish","4":"has-post-thumbnail","6":"product_cat-seilzug-regulatoren","7":"product_cat-erwin-sattler","8":"product_cat-uhren","9":"pa_gehaeusematerialfilter-holz","10":"pa_kollektion-seilzug-regulatoren","11":"pa_marke-erwin-sattler","12":"pa_uhrenfunktionen-mondphase","13":"pa_uhrenfunktionen-datum","14":"pa_uhrenfunktionen-wochentag","15":"pa_uhrenmarke-erwin-sattler","17":"first","18":"instock","19":"product-type-simple"},"acf":[],"yoast_head":"<!-- This site is optimized with the Yoast SEO plugin v26.5 - https:\/\/yoast.com\/wordpress\/plugins\/seo\/ -->\n<title>Classica KS100 | Bijouterie Bl\u00e4uer | Thun<\/title>\n<meta name=\"robots\" content=\"index, follow, max-snippet:-1, max-image-preview:large, max-video-preview:-1\" \/>\n<link rel=\"canonical\" href=\"https:\/\/test.ad-wiser.ch\/produkt\/erwin-sattler-seilzug-regulatoren-classica-ks100\/\" \/>\n<meta property=\"og:locale\" content=\"zh_CN\" \/>\n<meta property=\"og:type\" content=\"article\" \/>\n<meta property=\"og:title\" content=\"Classica KS100 | Bijouterie Bl\u00e4uer | Thun\" \/>\n<meta property=\"og:description\" content=\"Erh\u00e4ltlich bei JUWELIER BL\u00c4UER &nbsp; &nbsp;\" \/>\n<meta property=\"og:url\" content=\"https:\/\/test.ad-wiser.ch\/produkt\/erwin-sattler-seilzug-regulatoren-classica-ks100\/\" \/>\n<meta property=\"og:site_name\" content=\"Bijouterie Bl\u00e4uer\" \/>\n<meta property=\"article:modified_time\" content=\"2025-11-13T16:16:33+00:00\" \/>\n<meta property=\"og:image\" content=\"https:\/\/test.ad-wiser.ch\/wp-content\/uploads\/2025\/11\/723087.png\" \/>\n\t<meta property=\"og:image:width\" content=\"1500\" \/>\n\t<meta property=\"og:image:height\" content=\"2142\" \/>\n\t<meta property=\"og:image:type\" content=\"image\/png\" \/>\n<meta name=\"twitter:card\" content=\"summary_large_image\" \/>\n<script type=\"application\/ld+json\" class=\"yoast-schema-graph\">{\"@context\":\"https:\/\/schema.org\",\"@graph\":[{\"@type\":\"WebPage\",\"@id\":\"https:\/\/test.ad-wiser.ch\/produkt\/erwin-sattler-seilzug-regulatoren-classica-ks100\/\",\"url\":\"https:\/\/test.ad-wiser.ch\/produkt\/erwin-sattler-seilzug-regulatoren-classica-ks100\/\",\"name\":\"Classica KS100 | Bijouterie Bl\u00e4uer | Thun\",\"isPartOf\":{\"@id\":\"https:\/\/test.ad-wiser.ch\/#website\"},\"primaryImageOfPage\":{\"@id\":\"https:\/\/test.ad-wiser.ch\/produkt\/erwin-sattler-seilzug-regulatoren-classica-ks100\/#primaryimage\"},\"image\":{\"@id\":\"https:\/\/test.ad-wiser.ch\/produkt\/erwin-sattler-seilzug-regulatoren-classica-ks100\/#primaryimage\"},\"thumbnailUrl\":\"https:\/\/test.ad-wiser.ch\/wp-content\/uploads\/2025\/11\/723087.png\",\"datePublished\":\"2025-11-13T16:16:24+00:00\",\"dateModified\":\"2025-11-13T16:16:33+00:00\",\"breadcrumb\":{\"@id\":\"https:\/\/test.ad-wiser.ch\/produkt\/erwin-sattler-seilzug-regulatoren-classica-ks100\/#breadcrumb\"},\"inLanguage\":\"zh-Hans\",\"potentialAction\":[{\"@type\":\"ReadAction\",\"target\":[\"https:\/\/test.ad-wiser.ch\/produkt\/erwin-sattler-seilzug-regulatoren-classica-ks100\/\"]}]},{\"@type\":\"ImageObject\",\"inLanguage\":\"zh-Hans\",\"@id\":\"https:\/\/test.ad-wiser.ch\/produkt\/erwin-sattler-seilzug-regulatoren-classica-ks100\/#primaryimage\",\"url\":\"https:\/\/test.ad-wiser.ch\/wp-content\/uploads\/2025\/11\/723087.png\",\"contentUrl\":\"https:\/\/test.ad-wiser.ch\/wp-content\/uploads\/2025\/11\/723087.png\",\"width\":1500,\"height\":2142,\"caption\":\"in Thun\"},{\"@type\":\"BreadcrumbList\",\"@id\":\"https:\/\/test.ad-wiser.ch\/produkt\/erwin-sattler-seilzug-regulatoren-classica-ks100\/#breadcrumb\",\"itemListElement\":[{\"@type\":\"ListItem\",\"position\":1,\"name\":\"Home\",\"item\":\"https:\/\/test.ad-wiser.ch\/\"},{\"@type\":\"ListItem\",\"position\":2,\"name\":\"Produkte\",\"item\":\"https:\/\/test.ad-wiser.ch\/shop\/\"},{\"@type\":\"ListItem\",\"position\":3,\"name\":\"Classica KS100\"}]},{\"@type\":\"WebSite\",\"@id\":\"https:\/\/test.ad-wiser.ch\/#website\",\"url\":\"https:\/\/test.ad-wiser.ch\/\",\"name\":\"Bijouterie Bl\u00e4uer\",\"description\":\"Passion for watches and jewellery\",\"publisher\":{\"@id\":\"https:\/\/test.ad-wiser.ch\/#organization\"},\"potentialAction\":[{\"@type\":\"SearchAction\",\"target\":{\"@type\":\"EntryPoint\",\"urlTemplate\":\"https:\/\/test.ad-wiser.ch\/?s={search_term_string}\"},\"query-input\":{\"@type\":\"PropertyValueSpecification\",\"valueRequired\":true,\"valueName\":\"search_term_string\"}}],\"inLanguage\":\"zh-Hans\"},{\"@type\":\"Organization\",\"@id\":\"https:\/\/test.ad-wiser.ch\/#organization\",\"name\":\"Bijouterie Bl\u00e4uer\",\"url\":\"https:\/\/test.ad-wiser.ch\/\",\"logo\":{\"@type\":\"ImageObject\",\"inLanguage\":\"zh-Hans\",\"@id\":\"https:\/\/test.ad-wiser.ch\/#\/schema\/logo\/image\/\",\"url\":\"https:\/\/test.ad-wiser.ch\/wp-content\/uploads\/2018\/02\/Blaeuer_Logo.svg\",\"contentUrl\":\"https:\/\/test.ad-wiser.ch\/wp-content\/uploads\/2018\/02\/Blaeuer_Logo.svg\",\"caption\":\"Bijouterie Bl\u00e4uer\"},\"image\":{\"@id\":\"https:\/\/test.ad-wiser.ch\/#\/schema\/logo\/image\/\"}}]}<\/script>\n<!-- \/ Yoast SEO plugin. -->","yoast_head_json":{"title":"Classica KS100 | Bijouterie Bl\u00e4uer | Thun","robots":{"index":"index","follow":"follow","max-snippet":"max-snippet:-1","max-image-preview":"max-image-preview:large","max-video-preview":"max-video-preview:-1"},"canonical":"https:\/\/test.ad-wiser.ch\/produkt\/erwin-sattler-seilzug-regulatoren-classica-ks100\/","og_locale":"zh_CN","og_type":"article","og_title":"Classica KS100 | Bijouterie Bl\u00e4uer | Thun","og_description":"Erh\u00e4ltlich bei JUWELIER BL\u00c4UER &nbsp; &nbsp;","og_url":"https:\/\/test.ad-wiser.ch\/produkt\/erwin-sattler-seilzug-regulatoren-classica-ks100\/","og_site_name":"Bijouterie Bl\u00e4uer","article_modified_time":"2025-11-13T16:16:33+00:00","og_image":[{"width":1500,"height":2142,"url":"https:\/\/test.ad-wiser.ch\/wp-content\/uploads\/2025\/11\/723087.png","type":"image\/png"}],"twitter_card":"summary_large_image","schema":{"@context":"https:\/\/schema.org","@graph":[{"@type":"WebPage","@id":"https:\/\/test.ad-wiser.ch\/produkt\/erwin-sattler-seilzug-regulatoren-classica-ks100\/","url":"https:\/\/test.ad-wiser.ch\/produkt\/erwin-sattler-seilzug-regulatoren-classica-ks100\/","name":"Classica KS100 | Bijouterie Bl\u00e4uer | Thun","isPartOf":{"@id":"https:\/\/test.ad-wiser.ch\/#website"},"primaryImageOfPage":{"@id":"https:\/\/test.ad-wiser.ch\/produkt\/erwin-sattler-seilzug-regulatoren-classica-ks100\/#primaryimage"},"image":{"@id":"https:\/\/test.ad-wiser.ch\/produkt\/erwin-sattler-seilzug-regulatoren-classica-ks100\/#primaryimage"},"thumbnailUrl":"https:\/\/test.ad-wiser.ch\/wp-content\/uploads\/2025\/11\/723087.png","datePublished":"2025-11-13T16:16:24+00:00","dateModified":"2025-11-13T16:16:33+00:00","breadcrumb":{"@id":"https:\/\/test.ad-wiser.ch\/produkt\/erwin-sattler-seilzug-regulatoren-classica-ks100\/#breadcrumb"},"inLanguage":"zh-Hans","potentialAction":[{"@type":"ReadAction","target":["https:\/\/test.ad-wiser.ch\/produkt\/erwin-sattler-seilzug-regulatoren-classica-ks100\/"]}]},{"@type":"ImageObject","inLanguage":"zh-Hans","@id":"https:\/\/test.ad-wiser.ch\/produkt\/erwin-sattler-seilzug-regulatoren-classica-ks100\/#primaryimage","url":"https:\/\/test.ad-wiser.ch\/wp-content\/uploads\/2025\/11\/723087.png","contentUrl":"https:\/\/test.ad-wiser.ch\/wp-content\/uploads\/2025\/11\/723087.png","width":1500,"height":2142,"caption":"in Thun"},{"@type":"BreadcrumbList","@id":"https:\/\/test.ad-wiser.ch\/produkt\/erwin-sattler-seilzug-regulatoren-classica-ks100\/#breadcrumb","itemListElement":[{"@type":"ListItem","position":1,"name":"Home","item":"https:\/\/test.ad-wiser.ch\/"},{"@type":"ListItem","position":2,"name":"Produkte","item":"https:\/\/test.ad-wiser.ch\/shop\/"},{"@type":"ListItem","position":3,"name":"Classica KS100"}]},{"@type":"WebSite","@id":"https:\/\/test.ad-wiser.ch\/#website","url":"https:\/\/test.ad-wiser.ch\/","name":"Bijouterie Bl\u00e4uer","description":"Passion for watches and jewellery","publisher":{"@id":"https:\/\/test.ad-wiser.ch\/#organization"},"potentialAction":[{"@type":"SearchAction","target":{"@type":"EntryPoint","urlTemplate":"https:\/\/test.ad-wiser.ch\/?s={search_term_string}"},"query-input":{"@type":"PropertyValueSpecification","valueRequired":true,"valueName":"search_term_string"}}],"inLanguage":"zh-Hans"},{"@type":"Organization","@id":"https:\/\/test.ad-wiser.ch\/#organization","name":"Bijouterie Bl\u00e4uer","url":"https:\/\/test.ad-wiser.ch\/","logo":{"@type":"ImageObject","inLanguage":"zh-Hans","@id":"https:\/\/test.ad-wiser.ch\/#\/schema\/logo\/image\/","url":"https:\/\/test.ad-wiser.ch\/wp-content\/uploads\/2018\/02\/Blaeuer_Logo.svg","contentUrl":"https:\/\/test.ad-wiser.ch\/wp-content\/uploads\/2018\/02\/Blaeuer_Logo.svg","caption":"Bijouterie Bl\u00e4uer"},"image":{"@id":"https:\/\/test.ad-wiser.ch\/#\/schema\/logo\/image\/"}}]}},"_links":{"self":[{"href":"https:\/\/test.ad-wiser.ch\/zh-hans\/wp-json\/wp\/v2\/product\/526303","targetHints":{"allow":["GET"]}}],"collection":[{"href":"https:\/\/test.ad-wiser.ch\/zh-hans\/wp-json\/wp\/v2\/product"}],"about":[{"href":"https:\/\/test.ad-wiser.ch\/zh-hans\/wp-json\/wp\/v2\/types\/product"}],"replies":[{"embeddable":true,"href":"https:\/\/test.ad-wiser.ch\/zh-hans\/wp-json\/wp\/v2\/comments?post=526303"}],"wp:featuredmedia":[{"embeddable":true,"href":"https:\/\/test.ad-wiser.ch\/zh-hans\/wp-json\/wp\/v2\/media\/651121"}],"wp:attachment":[{"href":"https:\/\/test.ad-wiser.ch\/zh-hans\/wp-json\/wp\/v2\/media?parent=526303"}],"wp:term":[{"taxonomy":"product_brand","embeddable":true,"href":"https:\/\/test.ad-wiser.ch\/zh-hans\/wp-json\/wp\/v2\/product_brand?post=526303"},{"taxonomy":"product_cat","embeddable":true,"href":"https:\/\/test.ad-wiser.ch\/zh-hans\/wp-json\/wp\/v2\/product_cat?post=526303"},{"taxonomy":"product_tag","embeddable":true,"href":"https:\/\/test.ad-wiser.ch\/zh-hans\/wp-json\/wp\/v2\/product_tag?post=526303"}],"curies":[{"name":"wp","href":"https:\/\/api.w.org\/{rel}","templated":true}]}}