{"id":42361,"date":"2019-05-16T16:27:14","date_gmt":"2019-05-16T14:27:14","guid":{"rendered":"https:\/\/test.ad-wiser.ch\/produkt\/tintentroller-classic-racing-2\/"},"modified":"2019-05-16T16:27:28","modified_gmt":"2019-05-16T14:27:28","slug":"tintentroller-classic-racing-2","status":"publish","type":"product","link":"https:\/\/test.ad-wiser.ch\/zh-hans\/produkt\/tintentroller-classic-racing-2\/","title":{"rendered":"Tintentroller Classic Racing"},"content":{"rendered":"<p>Der Tintenroller Classic Racing \u00fcbertr\u00e4gt die typischen Merkmale klassischer Automobile in einer \u00fcberraschenden und h\u00f6chst stilvollen Kombination auf die Kunst des Schreibens. Die sanften stromlinienf\u00f6rmigen Konturen dieses luxuri\u00f6sen Tintenrollers sind in schwarzen Kautschuk mit Reifenprofilmotiv geh\u00fcllt und bieten einen eleganten Kontrast zur Palladium-Vollendung.<\/p>\n","protected":false},"excerpt":{"rendered":"<p>Der Tintenroller Classic Racing \u00fcbertr\u00e4gt die typischen &hellip;<\/p>\n<p class=\"read-more\"> <a class=\"\" href=\"https:\/\/test.ad-wiser.ch\/zh-hans\/produkt\/tintentroller-classic-racing-2\/\"> <span class=\"screen-reader-text\">Tintentroller Classic Racing<\/span> \u67e5\u770b\u5168\u6587 &raquo;<\/a><\/p>\n","protected":false},"featured_media":42362,"comment_status":"closed","ping_status":"open","template":"","meta":[],"product_brand":[],"product_cat":[367,3231],"product_tag":[],"class_list":{"0":"post-42361","1":"product","2":"type-product","3":"status-publish","4":"has-post-thumbnail","6":"product_cat-accessoires","7":"product_cat-chopard-accessoires","8":"pa_accessoire-art-schreibwaren","9":"pa_accessoiresmarke-chopard","11":"first","12":"instock","13":"product-type-simple"},"acf":[],"yoast_head":"<!-- This site is optimized with the Yoast SEO plugin v26.5 - https:\/\/yoast.com\/wordpress\/plugins\/seo\/ -->\n<title>Tintentroller Classic Racing von Chopard<\/title>\n<meta name=\"description\" content=\"Tintentroller Classic Racing von Chopard bei Juwelier Hollfelder\" \/>\n<meta name=\"robots\" content=\"index, follow, max-snippet:-1, max-image-preview:large, max-video-preview:-1\" \/>\n<link rel=\"canonical\" href=\"https:\/\/test.ad-wiser.ch\/produkt\/tintentroller-classic-racing-2\/\" \/>\n<meta property=\"og:locale\" content=\"zh_CN\" \/>\n<meta property=\"og:type\" content=\"article\" \/>\n<meta property=\"og:title\" content=\"Tintentroller Classic Racing von Chopard bei Juwelier Hollfelder\" \/>\n<meta property=\"og:description\" content=\"Tintentroller Classic Racing von Chopard bei Juwelier Hollfelder\" \/>\n<meta property=\"og:url\" content=\"https:\/\/test.ad-wiser.ch\/produkt\/tintentroller-classic-racing-2\/\" \/>\n<meta property=\"og:site_name\" content=\"Bijouterie Bl\u00e4uer\" \/>\n<meta property=\"article:modified_time\" content=\"2019-05-16T14:27:28+00:00\" \/>\n<meta property=\"og:image\" content=\"https:\/\/test.ad-wiser.ch\/wp-content\/uploads\/2019\/05\/11_650_623_0_xl-15.png\" \/>\n\t<meta property=\"og:image:width\" content=\"1000\" \/>\n\t<meta property=\"og:image:height\" content=\"1000\" \/>\n\t<meta property=\"og:image:type\" content=\"image\/png\" \/>\n<meta name=\"twitter:card\" content=\"summary_large_image\" \/>\n<meta name=\"twitter:title\" content=\"Tintentroller Classic Racing von Chopard bei Juwelier Hollfelder\" \/>\n<script type=\"application\/ld+json\" class=\"yoast-schema-graph\">{\"@context\":\"https:\/\/schema.org\",\"@graph\":[{\"@type\":\"WebPage\",\"@id\":\"https:\/\/test.ad-wiser.ch\/produkt\/tintentroller-classic-racing-2\/\",\"url\":\"https:\/\/test.ad-wiser.ch\/produkt\/tintentroller-classic-racing-2\/\",\"name\":\"Tintentroller Classic Racing von Chopard\",\"isPartOf\":{\"@id\":\"https:\/\/test.ad-wiser.ch\/#website\"},\"primaryImageOfPage\":{\"@id\":\"https:\/\/test.ad-wiser.ch\/produkt\/tintentroller-classic-racing-2\/#primaryimage\"},\"image\":{\"@id\":\"https:\/\/test.ad-wiser.ch\/produkt\/tintentroller-classic-racing-2\/#primaryimage\"},\"thumbnailUrl\":\"https:\/\/test.ad-wiser.ch\/wp-content\/uploads\/2019\/05\/11_650_623_0_xl-15.png\",\"datePublished\":\"2019-05-16T14:27:14+00:00\",\"dateModified\":\"2019-05-16T14:27:28+00:00\",\"description\":\"Tintentroller Classic Racing von Chopard bei Juwelier Hollfelder\",\"breadcrumb\":{\"@id\":\"https:\/\/test.ad-wiser.ch\/produkt\/tintentroller-classic-racing-2\/#breadcrumb\"},\"inLanguage\":\"zh-Hans\",\"potentialAction\":[{\"@type\":\"ReadAction\",\"target\":[\"https:\/\/test.ad-wiser.ch\/produkt\/tintentroller-classic-racing-2\/\"]}]},{\"@type\":\"ImageObject\",\"inLanguage\":\"zh-Hans\",\"@id\":\"https:\/\/test.ad-wiser.ch\/produkt\/tintentroller-classic-racing-2\/#primaryimage\",\"url\":\"https:\/\/test.ad-wiser.ch\/wp-content\/uploads\/2019\/05\/11_650_623_0_xl-15.png\",\"contentUrl\":\"https:\/\/test.ad-wiser.ch\/wp-content\/uploads\/2019\/05\/11_650_623_0_xl-15.png\",\"width\":1000,\"height\":1000},{\"@type\":\"BreadcrumbList\",\"@id\":\"https:\/\/test.ad-wiser.ch\/produkt\/tintentroller-classic-racing-2\/#breadcrumb\",\"itemListElement\":[{\"@type\":\"ListItem\",\"position\":1,\"name\":\"Home\",\"item\":\"https:\/\/test.ad-wiser.ch\/\"},{\"@type\":\"ListItem\",\"position\":2,\"name\":\"Produkte\",\"item\":\"https:\/\/test.ad-wiser.ch\/shop\/\"},{\"@type\":\"ListItem\",\"position\":3,\"name\":\"Tintentroller Classic Racing\"}]},{\"@type\":\"WebSite\",\"@id\":\"https:\/\/test.ad-wiser.ch\/#website\",\"url\":\"https:\/\/test.ad-wiser.ch\/\",\"name\":\"Bijouterie Bl\u00e4uer\",\"description\":\"Passion for watches and jewellery\",\"publisher\":{\"@id\":\"https:\/\/test.ad-wiser.ch\/#organization\"},\"potentialAction\":[{\"@type\":\"SearchAction\",\"target\":{\"@type\":\"EntryPoint\",\"urlTemplate\":\"https:\/\/test.ad-wiser.ch\/?s={search_term_string}\"},\"query-input\":{\"@type\":\"PropertyValueSpecification\",\"valueRequired\":true,\"valueName\":\"search_term_string\"}}],\"inLanguage\":\"zh-Hans\"},{\"@type\":\"Organization\",\"@id\":\"https:\/\/test.ad-wiser.ch\/#organization\",\"name\":\"Bijouterie Bl\u00e4uer\",\"url\":\"https:\/\/test.ad-wiser.ch\/\",\"logo\":{\"@type\":\"ImageObject\",\"inLanguage\":\"zh-Hans\",\"@id\":\"https:\/\/test.ad-wiser.ch\/#\/schema\/logo\/image\/\",\"url\":\"https:\/\/test.ad-wiser.ch\/wp-content\/uploads\/2018\/02\/Blaeuer_Logo.svg\",\"contentUrl\":\"https:\/\/test.ad-wiser.ch\/wp-content\/uploads\/2018\/02\/Blaeuer_Logo.svg\",\"caption\":\"Bijouterie Bl\u00e4uer\"},\"image\":{\"@id\":\"https:\/\/test.ad-wiser.ch\/#\/schema\/logo\/image\/\"}}]}<\/script>\n<!-- \/ Yoast SEO plugin. -->","yoast_head_json":{"title":"Tintentroller Classic Racing von Chopard","description":"Tintentroller Classic Racing von Chopard bei Juwelier Hollfelder","robots":{"index":"index","follow":"follow","max-snippet":"max-snippet:-1","max-image-preview":"max-image-preview:large","max-video-preview":"max-video-preview:-1"},"canonical":"https:\/\/test.ad-wiser.ch\/produkt\/tintentroller-classic-racing-2\/","og_locale":"zh_CN","og_type":"article","og_title":"Tintentroller Classic Racing von Chopard bei Juwelier Hollfelder","og_description":"Tintentroller Classic Racing von Chopard bei Juwelier Hollfelder","og_url":"https:\/\/test.ad-wiser.ch\/produkt\/tintentroller-classic-racing-2\/","og_site_name":"Bijouterie Bl\u00e4uer","article_modified_time":"2019-05-16T14:27:28+00:00","og_image":[{"width":1000,"height":1000,"url":"https:\/\/test.ad-wiser.ch\/wp-content\/uploads\/2019\/05\/11_650_623_0_xl-15.png","type":"image\/png"}],"twitter_card":"summary_large_image","twitter_title":"Tintentroller Classic Racing von Chopard bei Juwelier Hollfelder","schema":{"@context":"https:\/\/schema.org","@graph":[{"@type":"WebPage","@id":"https:\/\/test.ad-wiser.ch\/produkt\/tintentroller-classic-racing-2\/","url":"https:\/\/test.ad-wiser.ch\/produkt\/tintentroller-classic-racing-2\/","name":"Tintentroller Classic Racing von Chopard","isPartOf":{"@id":"https:\/\/test.ad-wiser.ch\/#website"},"primaryImageOfPage":{"@id":"https:\/\/test.ad-wiser.ch\/produkt\/tintentroller-classic-racing-2\/#primaryimage"},"image":{"@id":"https:\/\/test.ad-wiser.ch\/produkt\/tintentroller-classic-racing-2\/#primaryimage"},"thumbnailUrl":"https:\/\/test.ad-wiser.ch\/wp-content\/uploads\/2019\/05\/11_650_623_0_xl-15.png","datePublished":"2019-05-16T14:27:14+00:00","dateModified":"2019-05-16T14:27:28+00:00","description":"Tintentroller Classic Racing von Chopard bei Juwelier Hollfelder","breadcrumb":{"@id":"https:\/\/test.ad-wiser.ch\/produkt\/tintentroller-classic-racing-2\/#breadcrumb"},"inLanguage":"zh-Hans","potentialAction":[{"@type":"ReadAction","target":["https:\/\/test.ad-wiser.ch\/produkt\/tintentroller-classic-racing-2\/"]}]},{"@type":"ImageObject","inLanguage":"zh-Hans","@id":"https:\/\/test.ad-wiser.ch\/produkt\/tintentroller-classic-racing-2\/#primaryimage","url":"https:\/\/test.ad-wiser.ch\/wp-content\/uploads\/2019\/05\/11_650_623_0_xl-15.png","contentUrl":"https:\/\/test.ad-wiser.ch\/wp-content\/uploads\/2019\/05\/11_650_623_0_xl-15.png","width":1000,"height":1000},{"@type":"BreadcrumbList","@id":"https:\/\/test.ad-wiser.ch\/produkt\/tintentroller-classic-racing-2\/#breadcrumb","itemListElement":[{"@type":"ListItem","position":1,"name":"Home","item":"https:\/\/test.ad-wiser.ch\/"},{"@type":"ListItem","position":2,"name":"Produkte","item":"https:\/\/test.ad-wiser.ch\/shop\/"},{"@type":"ListItem","position":3,"name":"Tintentroller Classic Racing"}]},{"@type":"WebSite","@id":"https:\/\/test.ad-wiser.ch\/#website","url":"https:\/\/test.ad-wiser.ch\/","name":"Bijouterie Bl\u00e4uer","description":"Passion for watches and jewellery","publisher":{"@id":"https:\/\/test.ad-wiser.ch\/#organization"},"potentialAction":[{"@type":"SearchAction","target":{"@type":"EntryPoint","urlTemplate":"https:\/\/test.ad-wiser.ch\/?s={search_term_string}"},"query-input":{"@type":"PropertyValueSpecification","valueRequired":true,"valueName":"search_term_string"}}],"inLanguage":"zh-Hans"},{"@type":"Organization","@id":"https:\/\/test.ad-wiser.ch\/#organization","name":"Bijouterie Bl\u00e4uer","url":"https:\/\/test.ad-wiser.ch\/","logo":{"@type":"ImageObject","inLanguage":"zh-Hans","@id":"https:\/\/test.ad-wiser.ch\/#\/schema\/logo\/image\/","url":"https:\/\/test.ad-wiser.ch\/wp-content\/uploads\/2018\/02\/Blaeuer_Logo.svg","contentUrl":"https:\/\/test.ad-wiser.ch\/wp-content\/uploads\/2018\/02\/Blaeuer_Logo.svg","caption":"Bijouterie Bl\u00e4uer"},"image":{"@id":"https:\/\/test.ad-wiser.ch\/#\/schema\/logo\/image\/"}}]}},"_links":{"self":[{"href":"https:\/\/test.ad-wiser.ch\/zh-hans\/wp-json\/wp\/v2\/product\/42361","targetHints":{"allow":["GET"]}}],"collection":[{"href":"https:\/\/test.ad-wiser.ch\/zh-hans\/wp-json\/wp\/v2\/product"}],"about":[{"href":"https:\/\/test.ad-wiser.ch\/zh-hans\/wp-json\/wp\/v2\/types\/product"}],"replies":[{"embeddable":true,"href":"https:\/\/test.ad-wiser.ch\/zh-hans\/wp-json\/wp\/v2\/comments?post=42361"}],"wp:featuredmedia":[{"embeddable":true,"href":"https:\/\/test.ad-wiser.ch\/zh-hans\/wp-json\/wp\/v2\/media\/42362"}],"wp:attachment":[{"href":"https:\/\/test.ad-wiser.ch\/zh-hans\/wp-json\/wp\/v2\/media?parent=42361"}],"wp:term":[{"taxonomy":"product_brand","embeddable":true,"href":"https:\/\/test.ad-wiser.ch\/zh-hans\/wp-json\/wp\/v2\/product_brand?post=42361"},{"taxonomy":"product_cat","embeddable":true,"href":"https:\/\/test.ad-wiser.ch\/zh-hans\/wp-json\/wp\/v2\/product_cat?post=42361"},{"taxonomy":"product_tag","embeddable":true,"href":"https:\/\/test.ad-wiser.ch\/zh-hans\/wp-json\/wp\/v2\/product_tag?post=42361"}],"curies":[{"name":"wp","href":"https:\/\/api.w.org\/{rel}","templated":true}]}}